{"id":9,"date":"2022-08-30T10:43:08","date_gmt":"2022-08-30T10:43:08","guid":{"rendered":"https:\/\/lonasebet-apk.com\/?page_id=9"},"modified":"2022-08-30T10:56:26","modified_gmt":"2022-08-30T10:56:26","slug":"lonase-bet-apk","status":"publish","type":"page","link":"https:\/\/lonasebet-apk.com\/","title":{"rendered":"Lonase Bet APK"},"content":{"rendered":"\n<p>Aujourd&#8217;hui, on aimerait analyser un bookmaker \u00e0 croissance rapide, Lonase Bet. Ils ne sont pas enti\u00e8rement ax\u00e9s sur le sport, car leurs march\u00e9s de casinos et les paris hippiques prosp\u00e8rent \u00e9galement. Jouer \u00e0 Lonase Bet en ligne est facile pour les joueurs s\u00e9n\u00e9galais car le bookmaker est n\u00e9 au S\u00e9n\u00e9gal.&nbsp;<\/p>\n\n\n\n<h2 class=\"wp-block-heading\">Comment commencer : ouverture du compte<\/h2>\n\n\n\n<p><a href=\"https:\/\/lonase.bet\/myaccount\/registration\/step1\">La proc\u00e9dure d&#8217;enregistrement<\/a> sur le site du bookmaker <a href=\"https:\/\/www.lonase.bet\">www.lonase.bet<\/a> reste similaire sur Lonase bet apk et le site mobile. Tout ce que vous pouvez faire sans inscription est d&#8217;afficher les fonctionnalit\u00e9s, ce qui fait provisoirement partie du plaisir. Maintenant, que diriez-vous de proc\u00e9der \u00e0 la proc\u00e9dure suivante et d&#8217;enregistrer un nouveau compte Lonase en ligne ?<\/p>\n\n\n\n<ol class=\"wp-block-list\"><li>Ouvrez l&#8217;une de leurs interfaces (vous pouvez t\u00e9l\u00e9charger Lonase Bet ou ouvrir le <a href=\"https:\/\/www.lonase.bet\">site www.lonase bet<\/a> sur votre mobile ou PC)<\/li><li>Localisez un bouton \u00ab S&#8217;inscrire \u00bb en haut et cliquez dessus<\/li><li>L&#8217;\u00e9tape suivante nous m\u00e8ne au formulaire d&#8217;inscription<\/li><li>Commencez maintenant par ajouter vos coordonn\u00e9es. Cela devrait inclure vos noms et num\u00e9ro de t\u00e9l\u00e9phone portable<\/li><li>Cr\u00e9ez aussi le mot de passe<\/li><li>Utilisez le code parrainage Lonase bet si vous en avez un<\/li><li>Cochez les cases\u00a0<\/li><li>Enfin, appuyez sur l&#8217;ic\u00f4ne \u00ab Inscription \u00bb pour soumettre vos coordonn\u00e9es<\/li><li>Vous verrez un code dans SMS, tapez-le dans le formulaire<\/li><\/ol>\n\n\n\n<p>Le profil sera g\u00e9n\u00e9r\u00e9 et vous pourrez proc\u00e9der \u00e0 la connexion, puis d\u00e9poser de l&#8217;argent et commencer \u00e0 jouer.<\/p>\n\n\n\n<figure class=\"wp-block-image size-large\"><img loading=\"lazy\" decoding=\"async\" width=\"1024\" height=\"484\" src=\"https:\/\/lonasebet-apk.com\/wp-content\/uploads\/2022\/08\/lonase_inscription-1024x484.jpg\" alt=\"lonase inscription\" class=\"wp-image-14\" srcset=\"https:\/\/lonasebet-apk.com\/wp-content\/uploads\/2022\/08\/lonase_inscription-1024x484.jpg 1024w, https:\/\/lonasebet-apk.com\/wp-content\/uploads\/2022\/08\/lonase_inscription-300x142.jpg 300w, https:\/\/lonasebet-apk.com\/wp-content\/uploads\/2022\/08\/lonase_inscription-768x363.jpg 768w, https:\/\/lonasebet-apk.com\/wp-content\/uploads\/2022\/08\/lonase_inscription-1536x726.jpg 1536w, https:\/\/lonasebet-apk.com\/wp-content\/uploads\/2022\/08\/lonase_inscription.jpg 1738w\" sizes=\"auto, (max-width: 1024px) 100vw, 1024px\" \/><\/figure>\n\n\n\n<h2 class=\"wp-block-heading\">Bonus de bienvenue avec code promo Lonase bet<\/h2>\n\n\n\n<p>\u00c0 chaque nouvel utilisateur, Lonase bet S\u00e9n\u00e9gal offre un bonus de bienvenue allant jusqu&#8217;\u00e0 100% et 1000 F CFA. Les conditions sont la cote totale 500 et la mise obligatoire avant le retrait.<\/p>\n\n\n\n<blockquote class=\"wp-block-quote is-layout-flow wp-block-quote-is-layout-flow\"><p>Mais en ce qui concerne Lonase bet code promo, il n\u2019existe pas chez cette agence. Vous pourrez quand m\u00eame profiter du code promo <strong>130AFRICA<\/strong> pour cr\u00e9er un compte sur 1xBet Afrique \u00a0\u2013\u00a0 jusqu\u2019\u00e0 156 000 XOF \u00e0 votre poche apr\u00e8s votre 1er d\u00e9p\u00f4t !<\/p><\/blockquote>\n\n\n\n<h2 class=\"wp-block-heading\">D\u00e9p\u00f4t et paiements<\/h2>\n\n\n\n<p>LB est vraiment notre soci\u00e9t\u00e9 pr\u00e9f\u00e9r\u00e9e si l&#8217;on consid\u00e8re la disponibilit\u00e9 des meilleures m\u00e9thodes bancaires. Les meilleures m\u00e9thodes bancaires Lonase Bet Online sont Orange Money, Wari et Wizall. Le traitement des paiements est imm\u00e9diat. De plus, leurs transferts sont effectu\u00e9s gratuitement sans frais de transaction imminents.<\/p>\n\n\n\n<figure class=\"wp-block-image size-full\"><img loading=\"lazy\" decoding=\"async\" width=\"982\" height=\"215\" src=\"https:\/\/lonasebet-apk.com\/wp-content\/uploads\/2022\/08\/lonase_depot.jpg\" alt=\"lonase depot\" class=\"wp-image-13\" srcset=\"https:\/\/lonasebet-apk.com\/wp-content\/uploads\/2022\/08\/lonase_depot.jpg 982w, https:\/\/lonasebet-apk.com\/wp-content\/uploads\/2022\/08\/lonase_depot-300x66.jpg 300w, https:\/\/lonasebet-apk.com\/wp-content\/uploads\/2022\/08\/lonase_depot-768x168.jpg 768w\" sizes=\"auto, (max-width: 982px) 100vw, 982px\" \/><\/figure>\n\n\n\n<h2 class=\"wp-block-heading\">Lonase bet Application<\/h2>\n\n\n\n<p>La ressemblance de cette application avec le site de l&#8217;entreprise est ind\u00e9niable. L&#8217;utilisation de Lonase apk est absolument un moyen prometteur d&#8217;avoir un bon aller avec vos paris en ligne. De m\u00eame, Lonase Parifoot mobile porte \u00e9galement l&#8217;aspect pratique avec une exp\u00e9rience de qualit\u00e9 assur\u00e9e.<\/p>\n\n\n\n<p>Lonase.bet apk n&#8217;est pas h\u00e9berg\u00e9 sur la boutique officielle Android, Google PlayStore. C&#8217;est parce que la politique du magasin restreint toutes les plateformes de jeu, il faut donc compter sur des sources tierces. Heureusement, notre plateforme fiable vous propose de telecharger Lonase APK sans virus et gratuitement.&nbsp;<\/p>\n\n\n\n<h4 class=\"wp-block-heading\">Application Android : telecharger Lonase bet apk<\/h4>\n\n\n\n<p>Par cons\u00e9quent, pour acc\u00e9der aux ressources de t\u00e9l\u00e9chargement d&#8217; application Lonase n\u00e9cessaires pour Android, l&#8217;utilisateur doit suivre des \u00e9tapes sp\u00e9cifiques. La proc\u00e9dure consiste \u00e0 pr\u00e9parer votre t\u00e9l\u00e9phone pour vous assurer qu&#8217;il n&#8217;y aura pas de probl\u00e8mes de compatibilit\u00e9. L&#8217;ensemble du processus est illustr\u00e9 en d\u00e9tail ci-dessous.<\/p>\n\n\n\n<ol class=\"wp-block-list\"><li>Rendez-vous sur notre plateforme depuis votre navigateur mobile pour charger Lonase Bet Senegal APK directement sur votre t\u00e9l\u00e9phone.<\/li><li>Appuyez sur un bouton sous le nom \u00ab Lonase bet apk t\u00e9l\u00e9charger \u00bb ou suivez ce lien.<\/li><li>Ex\u00e9cutez la commande de t\u00e9l\u00e9chargement dans la fen\u00eatre contextuelle, ce qui entra\u00eene le bas de votre \u00e9cran.<\/li><li>Ensuite, acc\u00e9dez \u00e0 la section \u00ab Param\u00e8tres de l&#8217;appareil \u00bb.<\/li><li>Choisissez l&#8217;option de s\u00e9curit\u00e9.<\/li><li>Passez aux autorisations.<\/li><li>Appuyez sur le bouton permettant l&#8217;int\u00e9gration d&#8217;apks de \u00ab Sources inconnues \u00bb.<\/li><li>Maintenant, dirigez-vous vers la section t\u00e9l\u00e9chargements de votre navigateur.<\/li><li>Appuyez sur le fichier apk lonasebet r\u00e9cup\u00e9r\u00e9 lors de notre proc\u00e9dure pr\u00e9c\u00e9dente.<\/li><li>Allez avec l&#8217;option \u00ab Installer \u00bb.<\/li><\/ol>\n\n\n\n<p>La nouvelle interface devrait \u00eatre pr\u00eate \u00e0 ex\u00e9cuter toutes les op\u00e9rations \u00e0 condition qu&#8217;elles soient h\u00e9berg\u00e9es sur le syst\u00e8me central de l&#8217;entreprise. Profitez de la vari\u00e9t\u00e9, des gros gains et de toutes les autres exclusivit\u00e9s offertes par Lonase bet application S\u00e9n\u00e9gal tout en profitant des avantages de ses services.<\/p>\n\n\n\n<h4 class=\"wp-block-heading\">Caract\u00e9ristiques de l&#8217;application<\/h4>\n\n\n\n<p>Lonase.bet application se vante de fonctionnalit\u00e9s suivantes :<\/p>\n\n\n\n<ul class=\"wp-block-list\"><li>March\u00e9s. Ils ont une bonne gamme de jeux dans les sports, les casinos et les courses hippiques.&nbsp;<\/li><li>Promotions. Il existe des incitations impliquant des d\u00e9p\u00f4ts, cashback et d&#8217;autres promotions pour les joueurs nouveaux et existants.<\/li><li>Support. Les contacts dans l&#8217;application mobile lonase .bet incluent les num\u00e9ros de t\u00e9l\u00e9phone, les e-mails, etc.<\/li><li>Caract\u00e9ristiques du compte. Ceux-ci commencent par les boutons de connexion et d&#8217;enregistrement et incluent d&#8217;autres ressources de profil importantes telles que les boutons de visualisation de solde, d&#8217;historique, etc.<\/li><li>Paiements. Cette soci\u00e9t\u00e9 dispose d&#8217;options bancaires en ligne et d&#8217;autres disponibles sur les versions mobiles. Ils fournissent \u00e9galement des guides sur chaque proc\u00e9dure de paiement en fonction du syst\u00e8me bancaire pr\u00e9f\u00e9r\u00e9.<\/li><\/ul>\n\n\n\n<h4 class=\"wp-block-heading\">Application iOS et la version mobile<\/h4>\n\n\n\n<p>L&#8217;id\u00e9e d&#8217;avoir ce produit pour iPhone et iPad est encourageante. Cependant, une application lonase.bet sur iOS n\u2019existe pas pour le moment. Mais la version mobile du site lonase.bet est ouverte et sera accessible sur n\u2019importe quel appareil mobile soit Android soit iOS. Et maintenant, on voudrait vous donne un guide pour avoir un acc\u00e8s plus facile et rapide au site mobile Bet Lonase :<\/p>\n\n\n\n<ol class=\"wp-block-list\"><li>Tout d&#8217;abord, visitez la plate-forme officielle du Lonase pari en ligne en utilisant votre t\u00e9l\u00e9phone \/ tablette&nbsp;<\/li><li>Appuyez sur l&#8217;ic\u00f4ne qui permet de partager ce lien<\/li><li>Ajoutez un raccourci sur l\u2019\u00e9cran de votre t\u00e9l\u00e9phone<\/li><li>Et voil\u00e0, Lonase jeu en ligne est d\u00e9sormais dispo sur votre iPhone !<\/li><\/ol>\n\n\n\n<p>Tout comme c&#8217;est le cas avec les op\u00e9rations de l&#8217;application Lonas Bet, leur site mobile est id\u00e9al pour les joueurs qui ont besoin d&#8217;une certaine libert\u00e9. Avec un gadget mobile, les joueurs sont libres de jouer depuis n&#8217;importe quel endroit et \u00e0 l&#8217;heure de leur choix. Une technologie de pointe est utilis\u00e9e pour augmenter la r\u00e9activit\u00e9 des ressources au sein de cette plate-forme. De plus, la couverture mobile, l&#8217;affichage et les performances de Lonase S\u00e9n\u00e9gal Bet correspondent \u00e0 ceux de leur syst\u00e8me de bureau. Toutes les sections, produits et ressources du syst\u00e8me principal h\u00e9berg\u00e9 se trouvent \u00e9galement dans l&#8217;application.<\/p>\n\n\n\n<h2 class=\"wp-block-heading\">Section de paris sportifs<\/h2>\n\n\n\n<p>Chez notre bookmaker, chaque parieur peut trouver quelque chose d&#8217;int\u00e9ressant. Ici, on peut voir presque tous les sports populaires. les championnats les plus recherch\u00e9s et m\u00eame la section de paris hippiques. Bien s\u00fbr, Lonase Senegal Bet ne peut pas \u00eatre \u00e9gal aux bookmakers mondiaux comme 1xBet ou Betwinner dans la question de paris sportifs, mais pour un site s\u00e9n\u00e9galais, ses offres sont assez bonnes.<\/p>\n\n\n\n<figure class=\"wp-block-image aligncenter size-full\"><img loading=\"lazy\" decoding=\"async\" width=\"994\" height=\"656\" src=\"https:\/\/lonasebet-apk.com\/wp-content\/uploads\/2022\/08\/lonase_bet.jpg\" alt=\"lonase paris sportifs\" class=\"wp-image-12\" srcset=\"https:\/\/lonasebet-apk.com\/wp-content\/uploads\/2022\/08\/lonase_bet.jpg 994w, https:\/\/lonasebet-apk.com\/wp-content\/uploads\/2022\/08\/lonase_bet-300x198.jpg 300w, https:\/\/lonasebet-apk.com\/wp-content\/uploads\/2022\/08\/lonase_bet-768x507.jpg 768w\" sizes=\"auto, (max-width: 994px) 100vw, 994px\" \/><\/figure>\n\n\n\n<h4 class=\"wp-block-heading\">Sports par Lonase bet Senegal<\/h4>\n\n\n\n<p>La pr\u00e9diction sportive est la principale influence de nombreux parieurs qui rejoignent l&#8217;industrie. La vari\u00e9t\u00e9 de sports n\u2019est pas impressionnante, mais on peut trouver de telles s\u00e9lections : Football, Basket, Handball, Tennis, Baseball, Hockey sur glace et quelques autres.&nbsp;<\/p>\n\n\n\n<h4 class=\"wp-block-heading\">En Direct<\/h4>\n\n\n\n<p>Le menu en direct implique deux principaux march\u00e9s, le casino et le sport. Ceux-ci sont, bien s\u00fbr, consid\u00e9r\u00e9s comme parfaits pour que les joueurs r\u00e9alisent un maximum de profits. Le principal avantage de s&#8217;aventurer dans des jeux en direct est l&#8217;utilisation de statistiques r\u00e9alistes lors de l&#8217;analyse. De plus, une image claire est toujours parfaite car les joueurs peuvent pr\u00e9dire avec pr\u00e9cision en fonction des informations en temps r\u00e9el recueillies lors de la proc\u00e9dure.<\/p>\n\n\n\n<h2 class=\"wp-block-heading\">Jeux de Casino&nbsp;<\/h2>\n\n\n\n<p>Le catalogue du Casino propose divers jeux de sorte que chaque joueur trouvera quelque chose de bien. Il y a tous les titres traditionnels comme les machines \u00e0 sous, la roulette, ainsi que de nouveaux titres qui sont r\u00e9guli\u00e8rement ajout\u00e9s.\u00a0<\/p>\n\n\n\n<figure class=\"wp-block-image size-large\"><img loading=\"lazy\" decoding=\"async\" width=\"1024\" height=\"686\" src=\"https:\/\/lonasebet-apk.com\/wp-content\/uploads\/2022\/08\/lonase_promo-1024x686.jpg\" alt=\"lonase promo\" class=\"wp-image-16\" srcset=\"https:\/\/lonasebet-apk.com\/wp-content\/uploads\/2022\/08\/lonase_promo-1024x686.jpg 1024w, https:\/\/lonasebet-apk.com\/wp-content\/uploads\/2022\/08\/lonase_promo-300x201.jpg 300w, https:\/\/lonasebet-apk.com\/wp-content\/uploads\/2022\/08\/lonase_promo-768x515.jpg 768w, https:\/\/lonasebet-apk.com\/wp-content\/uploads\/2022\/08\/lonase_promo.jpg 1113w\" sizes=\"auto, (max-width: 1024px) 100vw, 1024px\" \/><\/figure>\n\n\n\n<p>Les machines \u00e0 sous en ligne sont toujours populaires. Peu importe ce que vous pr\u00e9f\u00e9rez jouer, le casino comprend plus de 40 jeux. Les jeux demand\u00e9s sont list\u00e9s ici : Triple Tigers, 777, Wild West.<\/p>\n\n\n\n<p>Si vous cherchez quelque chose de nouveau, vous pouvez opter pour la version de d\u00e9monstration et tester gratuitement le nouveau produit de jeu.<\/p>\n\n\n\n<h2 class=\"wp-block-heading\">\u200b\u200bSoutien client&nbsp;<\/h2>\n\n\n\n<p>La soci\u00e9t\u00e9 est toujours joignable 24\/7 via les plateformes de m\u00e9dias sociaux, comme Facebook, et les messagers. Voici quelques moyens rapides de les contacter ce bookmaker :<\/p>\n\n\n\n<p>&nbsp;\u2013 E-mail cap@lonase.sn<\/p>\n\n\n\n<p>&nbsp;\u2013 Instagram Facebook, Instagram&nbsp;<\/p>\n\n\n\n<p>&nbsp;\u2013 Num\u00e9ro de t\u00e9l\u00e9phone 33 864 80 00<\/p>\n\n\n\n<p>&nbsp;\u2013 WhatsApp <a href=\"https:\/\/wa.me\/773957307\">+773957307<\/a><\/p>\n\n\n\n<h2 class=\"wp-block-heading\">Conclusion<\/h2>\n\n\n\n<p>Tout d&#8217;abord, nous appr\u00e9cions que ce bookmaker comprend tout le n\u00e9cessaire pour un joueur d\u00e9butant qui habite au S\u00e9n\u00e9gal dont les sports populaires \u00e0 parier, paiements commodes, jeux de casino. Cependant, il y a quelques trucs \u00e0 ajouter tels que le chat en direct, la diffusion de matchs et l\u2019appli iOS.&nbsp;<\/p>\n\n\n\n<h2 class=\"wp-block-heading\">FAQ<\/h2>\n\n\n\n<ol class=\"wp-block-list\"><li>L\u2019agence propose-t-elle des paris gratuits ?&nbsp;<\/li><\/ol>\n\n\n\n<p>Oui, vous pourrez doubler votre premier d\u00e9p\u00f4t apr\u00e8s l\u2019inscription et utiliser les free bets.&nbsp;<\/p>\n\n\n\n<ol class=\"wp-block-list\" start=\"2\"><li>Y a-t-il une application de la soci\u00e9t\u00e9 et comment Lonase bet t\u00e9l\u00e9charger sur mon portable Android ?<\/li><\/ol>\n\n\n\n<p>Tout \u00e0 fait, la soci\u00e9t\u00e9 dispose d\u2019une appli Android que vous pouvez obtenir en cliquant sur notre lien lonase bet apk download sur cette page.<\/p>\n\n\n\n<ol class=\"wp-block-list\" start=\"3\"><li>Quelles sont les caract\u00e9ristiques uniques de Lonase Application Bet ?<\/li><\/ol>\n\n\n\n<p>La disponibilit\u00e9 de paris sportifs dans sa poche, les paiements faciles, les jeux de casino.&nbsp;<\/p>\n\n\n\n<ol class=\"wp-block-list\" start=\"4\"><li>Est-ce que l\u2019agence propose un cashout ?<\/li><\/ol>\n\n\n\n<p>Oui, vous trouverez un telle option qui permet de r\u00e9cup\u00e9rer vos fonds si vous avez d\u00e9j\u00e0 plac\u00e9 un pari.&nbsp;<\/p>\n\n\n\n<ol class=\"wp-block-list\" start=\"5\"><li>Comment trouver les cotes boost\u00e9es ici ?<\/li><\/ol>\n\n\n\n<p>De nombreuses cotes sp\u00e9ciales boost\u00e9es sont propos\u00e9es chaque jour dans le menu \u00ab Sports \u00bb.&nbsp;<\/p>\n\n\n\n<ol class=\"wp-block-list\" start=\"6\"><li>Comment t\u00e9l\u00e9charger Bet Lonase sur iPad ?<\/li><\/ol>\n\n\n\n<p>C\u2019est pas possible pour le moment, mais suivez nos nouvelles sur notre site.<\/p>\n","protected":false},"excerpt":{"rendered":"<p>Aujourd&#8217;hui, on aimerait analyser un bookmaker \u00e0 croissance rapide, Lonase Bet. Ils ne sont pas enti\u00e8rement ax\u00e9s sur le sport, car leurs march\u00e9s de casinos et les paris hippiques prosp\u00e8rent \u00e9galement. Jouer \u00e0 Lonase Bet en ligne est facile pour les joueurs s\u00e9n\u00e9galais car le bookmaker est n\u00e9 au S\u00e9n\u00e9gal.&nbsp; Comment commencer : ouverture du [&hellip;]<\/p>\n","protected":false},"author":2,"featured_media":0,"parent":0,"menu_order":0,"comment_status":"closed","ping_status":"closed","template":"","meta":{"om_disable_all_campaigns":false,"_monsterinsights_skip_tracking":false,"_monsterinsights_sitenote_active":false,"_monsterinsights_sitenote_note":"","_monsterinsights_sitenote_category":0,"footnotes":""},"class_list":["post-9","page","type-page","status-publish","hentry"],"aioseo_notices":[],"_links":{"self":[{"href":"https:\/\/lonasebet-apk.com\/index.php\/wp-json\/wp\/v2\/pages\/9","targetHints":{"allow":["GET"]}}],"collection":[{"href":"https:\/\/lonasebet-apk.com\/index.php\/wp-json\/wp\/v2\/pages"}],"about":[{"href":"https:\/\/lonasebet-apk.com\/index.php\/wp-json\/wp\/v2\/types\/page"}],"author":[{"embeddable":true,"href":"https:\/\/lonasebet-apk.com\/index.php\/wp-json\/wp\/v2\/users\/2"}],"replies":[{"embeddable":true,"href":"https:\/\/lonasebet-apk.com\/index.php\/wp-json\/wp\/v2\/comments?post=9"}],"version-history":[{"count":3,"href":"https:\/\/lonasebet-apk.com\/index.php\/wp-json\/wp\/v2\/pages\/9\/revisions"}],"predecessor-version":[{"id":20,"href":"https:\/\/lonasebet-apk.com\/index.php\/wp-json\/wp\/v2\/pages\/9\/revisions\/20"}],"wp:attachment":[{"href":"https:\/\/lonasebet-apk.com\/index.php\/wp-json\/wp\/v2\/media?parent=9"}],"curies":[{"name":"wp","href":"https:\/\/api.w.org\/{rel}","templated":true}]}}